{"id":103965,"date":"2023-03-30T00:06:09","date_gmt":"2023-03-29T22:06:09","guid":{"rendered":"https:\/\/www-dresco-fr.dresco-prod-gen-1.pulsation.fr\/?page_id=103965"},"modified":"2024-10-22T17:37:24","modified_gmt":"2024-10-22T15:37:24","slug":"legal-information","status":"publish","type":"page","link":"https:\/\/www.dresco.fr\/en\/legal-information\/","title":{"rendered":"Legal information"},"content":{"rendered":"<div class=\"wpb-content-wrapper\"><p>[vc_row row_height_percent=&#8221;0&#8243; override_padding=&#8221;yes&#8221; h_padding=&#8221;2&#8243; top_padding=&#8221;3&#8243; bottom_padding=&#8221;3&#8243; overlay_alpha=&#8221;50&#8243; gutter_size=&#8221;3&#8243; column_width_percent=&#8221;100&#8243; shift_y=&#8221;0&#8243; z_index=&#8221;0&#8243; uncode_shortcode_id=&#8221;643249&#8243;][vc_column column_width_use_pixel=&#8221;yes&#8221; position_horizontal=&#8221;left&#8221; gutter_size=&#8221;3&#8243; overlay_alpha=&#8221;50&#8243; shift_x=&#8221;0&#8243; shift_y=&#8221;0&#8243; shift_y_down=&#8221;0&#8243; z_index=&#8221;0&#8243; medium_width=&#8221;0&#8243; mobile_width=&#8221;0&#8243; uncode_shortcode_id=&#8221;104725&#8243; column_width_pixel=&#8221;800&#8243;][vc_column_text uncode_shortcode_id=&#8221;740523&#8243;]<\/p>\n<h1><strong>DRESCO Legal information<\/strong><\/h1>\n<p>&nbsp;<\/p>\n<h2>1) PRESENTATION OF THE SITE:<\/h2>\n<p>Pursuant to Article 6 of Law No. 2004-575 of 21 June 2004 on confidence in the digital economy, Users of the dresco.fr site (hereinafter the &#8220;Site&#8221;) are informed of the identity of the various parties involved in its creation and monitoring:<\/p>\n<h2>2) PUBLISHER:<\/h2>\n<p>Company identification: DRESCO<br \/>\nForm: SAS DRESCO whose trade name is DRESCO<br \/>\nRegistered office : 20 rue Jean-Baptiste Pigalle &#8211; 75009 Patis &#8211; FRANCE<br \/>\nE-mail: dresco@www-dresco-fr.dresco-prod-gen-1.pulsation.fr<br \/>\nRCS: PARIS 612 045 864<br \/>\nSIREN or SIRET: 61204586400065<br \/>\nAPE code: 4642Z<br \/>\nShare capital: 1 064 910 \u20ac (French)<br \/>\nIntracommunity VAT number: FR63 612 045 864<br \/>\nDirector of Publication: Rapha\u00eblle CAMUS<br \/>\nEditorial manager : Rapha\u00eblle CAMUS (ci-apr\u00e8s DRESCO)<\/p>\n<h2>3) DESIGN AND DEVELOPMENT:<\/h2>\n<p>Web agency: STUDIOF12, a simplified joint stock company with a share capital of \u20ac4,000.00, whose registered office is located at 20 RUE DE ROMAINVILLE, 93260 LES LILAS, registered in the Bobigny Trade and Companies Register under number 828 269 381. contact@studiof12.fr &#8211; 01 73 55 76 28<br \/>\nHosting: Soci\u00e9t\u00e9 Oceanet Technology 34 boulevard du Mar\u00e9chal Alphonse Juin &#8211; 44100 Nantes &#8211; Tel: 02 28 03 78 78 &#8211; Fax: 02 28 03 78 79<\/p>\n<h2>4) MANAGEMENT OF PERSONAL DATA AND COOKIES<\/h2>\n<p>DRESCO has set up a Data Protection Policy in order to explain how your personal data is collected and processed. For any information concerning the protection of your privacy and your personal data, DRESCO refers you to the page &#8220;Personal Data Protection Policy&#8221; that you can find at the bottom of each page of the dresco.fr website.<br \/>\nWhen the User navigates on the Site, the latter is likely to deposit &#8220;cookies&#8221;, very simple text files, on the computer or any other medium connected to the dresco.fr Site. DRESCO refers you to the &#8220;Personal data protection policy&#8221; page that you will find at the bottom of each page of the dresco.fr Site<\/p>\n<h2>5) INTELLECTUAL PROPERTY<\/h2>\n<p>The present LEGAL NOTICE does not imply any transfer of any kind of intellectual property rights on any content included or accessible on and\/or through the site, in particular all graphics, images, photos, drawings, maps, plans, logos, names, trademarks, texts, and other documentation, including software, databases, and any other material belonging to DRESCO or to third parties.<br \/>\nThe site is the exclusive property of DRESCO, which is the only one entitled to use and exploit the intellectual property rights and personality rights attached to it, in particular, trademarks, domain names, designs and models, copyrights and image rights, on an original basis or by the effect of a transfer or an exploitation license.<br \/>\nThe use of all or part of the site, in particular by reproduction, distribution, adaptation, modification, retransmission, extraction, publication or representation, is strictly forbidden, except in cases where DRESCO has expressly authorized it in writing and except in certain cases of private use for non-commercial purposes, in accordance with the French Intellectual Property Code or any other applicable law.<br \/>\nIn general, DRESCO grants the User a free, personal, non-exclusive, and non-transferable right to access and use the site, subject to the User&#8217;s prior acceptance of and compliance with these LEGAL NOTICES. Any other right is expressly excluded, except with the prior written consent of DRESCO. Furthermore, the printing of these LEGAL NOTICES is only authorised for strictly personal and private use.<br \/>\nThe use of the Site does not confer any right of ownership or exploitation to the Customers on any brand and\/or logo, distinctive sign and\/or element protected by intellectual property rights belonging to DRESCO or to third parties. The Customer undertakes not to infringe upon any brand and\/or logo, distinctive sign, and\/or elements protected by intellectual property rights belonging to DRESCO or to third parties.<br \/>\nAny unauthorised use of the site or of any of the elements it contains or of all or part of its content is prohibited and will be considered as constituting an infringement punishable by the provisions of articles L.335-2 et seq. and articles L.713-1 et seq. of the Intellectual Property Code.<\/p>\n<h2>6) HYPERTEXT LINKS TO OTHER SITES<\/h2>\n<p>The creation of hypertext links to the site can only be done with the prior written authorisation of DRESCO, which can be revoked at any time.<br \/>\nDRESCO declines all responsibility for the content of sites linked to the site.<br \/>\nThe user cannot set up a hypertext link to this site without the express and prior authorization of DRESCO.<br \/>\nUnder no circumstances may this authorisation be considered as an implicit affiliation agreement.<br \/>\nIn any case, hyperlinks to the website must be removed at DRESCO&#8217;s first request.<\/p>\n<h2>7) CONTACT DRESCO<\/h2>\n<p>For any information or question, DRESCO can be reached by telephone from Monday to Friday from 9am to 12pm and from 2pm to 5pm on 01 45 13 80 90 ; via the contact form on the dresco.fr website; by e-mail to the address: <a href=\"mailto:dresco@www-dresco-fr.dresco-prod-gen-1.pulsation.fr\">dresco@www-dresco-fr.dresco-prod-gen-1.pulsation.fr<\/a> ; or by post to DRESCO , Service Clients,20 rue Jean-Baptiste Pigalle, 75009 PARIS<\/p>\n<h2>8) APPLICABLE LAW<\/h2>\n<p>These terms and conditions are governed by French law. The French courts have exclusive jurisdiction to hear any dispute relating directly or indirectly to access to or use of this site.[\/vc_column_text][\/vc_column][\/vc_row]<\/p>\n<\/div>","protected":false},"excerpt":{"rendered":"<p>[vc_row row_height_percent=&#8221;0&#8243; override_padding=&#8221;yes&#8221; h_padding=&#8221;2&#8243; top_padding=&#8221;3&#8243; bottom_padding=&#8221;3&#8243; overlay_alpha=&#8221;50&#8243; gutter_size=&#8221;3&#8243; column_width_percent=&#8221;100&#8243; shift_y=&#8221;0&#8243; z_index=&#8221;0&#8243; uncode_shortcode_id=&#8221;643249&#8243;][vc_column column_width_use_pixel=&#8221;yes&#8221; position_horizontal=&#8221;left&#8221; gutter_size=&#8221;3&#8243; overlay_alpha=&#8221;50&#8243; shift_x=&#8221;0&#8243; shift_y=&#8221;0&#8243; shift_y_down=&#8221;0&#8243; z_index=&#8221;0&#8243; [&hellip;]<\/p>\n","protected":false},"author":1,"featured_media":103885,"parent":0,"menu_order":0,"comment_status":"closed","ping_status":"closed","template":"","meta":{"footnotes":""},"class_list":["post-103965","page","type-page","status-publish","has-post-thumbnail","hentry"],"_links":{"self":[{"href":"https:\/\/www.dresco.fr\/en\/wp-json\/wp\/v2\/pages\/103965","targetHints":{"allow":["GET"]}}],"collection":[{"href":"https:\/\/www.dresco.fr\/en\/wp-json\/wp\/v2\/pages"}],"about":[{"href":"https:\/\/www.dresco.fr\/en\/wp-json\/wp\/v2\/types\/page"}],"author":[{"embeddable":true,"href":"https:\/\/www.dresco.fr\/en\/wp-json\/wp\/v2\/users\/1"}],"replies":[{"embeddable":true,"href":"https:\/\/www.dresco.fr\/en\/wp-json\/wp\/v2\/comments?post=103965"}],"version-history":[{"count":11,"href":"https:\/\/www.dresco.fr\/en\/wp-json\/wp\/v2\/pages\/103965\/revisions"}],"predecessor-version":[{"id":104732,"href":"https:\/\/www.dresco.fr\/en\/wp-json\/wp\/v2\/pages\/103965\/revisions\/104732"}],"wp:featuredmedia":[{"embeddable":true,"href":"https:\/\/www.dresco.fr\/en\/wp-json\/wp\/v2\/media\/103885"}],"wp:attachment":[{"href":"https:\/\/www.dresco.fr\/en\/wp-json\/wp\/v2\/media?parent=103965"}],"curies":[{"name":"wp","href":"https:\/\/api.w.org\/{rel}","templated":true}]}}